{"id":17,"date":"2017-04-29T22:19:33","date_gmt":"2017-04-29T19:19:33","guid":{"rendered":"http:\/\/pelagiagolf.fi\/?page_id=17"},"modified":"2024-01-30T09:53:55","modified_gmt":"2024-01-30T07:53:55","slug":"etusivuosio","status":"publish","type":"page","link":"http:\/\/pelagiagolf.fi\/?page_id=17","title":{"rendered":"Tietoa"},"content":{"rendered":"<p>Hein\u00e4kuussa 2008 avattu anniskeluoikeuksin varustettu &#8221;taukotupa&#8221; komeine terasseineen sijaitsee Archipelagia Golf Clubin yhdeks\u00e4nnen greenin vieress\u00e4.<\/p>\n<p>Valikoimiimme kuuluvat hot dogit, toastit, s\u00e4mpyl\u00e4t,kahvit, teet, virvoitusjuomat, oluet,konjakit,kouhuviinit, siiderit, makeiset, pullat, j\u00e4\u00e4tel\u00f6t jne.<\/p>\n<p>R\u00e4\u00e4t\u00e4l\u00f6imme my\u00f6s toiveidenne mukaiset tarjoilupaketit yksityisille ja yrityksille.<\/p>\n<p>Tiedustele tarkemmin! (kts.yhteystiedot)<\/p>\n<p>Tervetuloa!<\/p>\n","protected":false},"excerpt":{"rendered":"<p>Hein\u00e4kuussa 2008 avattu anniskeluoikeuksin varustettu &#8221;taukotupa&#8221; komeine terasseineen sijaitsee Archipelagia Golf Clubin yhdeks\u00e4nnen greenin vieress\u00e4. Valikoimiimme kuuluvat hot dogit, toastit, s\u00e4mpyl\u00e4t,kahvit, teet, virvoitusjuomat, oluet,konjakit,kouhuviinit, siiderit, makeiset, pullat, j\u00e4\u00e4tel\u00f6t jne. R\u00e4\u00e4t\u00e4l\u00f6imme my\u00f6s toiveidenne mukaiset tarjoilupaketit yksityisille ja yrityksille. Tiedustele tarkemmin! (kts.yhteystiedot) Tervetuloa!<\/p>\n","protected":false},"author":1,"featured_media":229,"parent":0,"menu_order":0,"comment_status":"closed","ping_status":"closed","template":"","meta":{"footnotes":""},"class_list":["post-17","page","type-page","status-publish","has-post-thumbnail","hentry"],"_links":{"self":[{"href":"http:\/\/pelagiagolf.fi\/index.php?rest_route=\/wp\/v2\/pages\/17","targetHints":{"allow":["GET"]}}],"collection":[{"href":"http:\/\/pelagiagolf.fi\/index.php?rest_route=\/wp\/v2\/pages"}],"about":[{"href":"http:\/\/pelagiagolf.fi\/index.php?rest_route=\/wp\/v2\/types\/page"}],"author":[{"embeddable":true,"href":"http:\/\/pelagiagolf.fi\/index.php?rest_route=\/wp\/v2\/users\/1"}],"replies":[{"embeddable":true,"href":"http:\/\/pelagiagolf.fi\/index.php?rest_route=%2Fwp%2Fv2%2Fcomments&post=17"}],"version-history":[{"count":6,"href":"http:\/\/pelagiagolf.fi\/index.php?rest_route=\/wp\/v2\/pages\/17\/revisions"}],"predecessor-version":[{"id":164,"href":"http:\/\/pelagiagolf.fi\/index.php?rest_route=\/wp\/v2\/pages\/17\/revisions\/164"}],"wp:featuredmedia":[{"embeddable":true,"href":"http:\/\/pelagiagolf.fi\/index.php?rest_route=\/wp\/v2\/media\/229"}],"wp:attachment":[{"href":"http:\/\/pelagiagolf.fi\/index.php?rest_route=%2Fwp%2Fv2%2Fmedia&parent=17"}],"curies":[{"name":"wp","href":"https:\/\/api.w.org\/{rel}","templated":true}]}}