{"id":13,"date":"2017-04-29T22:19:33","date_gmt":"2017-04-29T19:19:33","guid":{"rendered":"http:\/\/pelagiagolf.fi\/?page_id=13"},"modified":"2026-04-12T08:49:09","modified_gmt":"2026-04-12T05:49:09","slug":"etusivu","status":"publish","type":"page","link":"http:\/\/pelagiagolf.fi\/","title":{"rendered":""},"content":{"rendered":"\n<p><strong>Kahvila avataan tiistaina 14.4.2026 klo 10:30 <\/strong><\/p>\n\n\n\n<p><strong>Kauden alkuun olemme avoinna vaihtelevasti pelaajam\u00e4\u00e4rien mukaan (Arkip\u00e4ivisin ainakin aamup\u00e4iv\u00e4t, viikonloppuisin aamusta iltaan)<\/strong><\/p>\n\n\n\n<p><strong>Seuraavan p\u00e4iv\u00e4n aukioloaika p\u00e4ivitet\u00e4\u00e4n edellisen\u00e4 p\u00e4iv\u00e4n\u00e4 klo 21.00<\/strong><\/p>\n\n\n\n<p>Mukavaa pelikautta -26\u26f3\ufe0f<\/p>\n\n\n\n<p><\/p>\n\n\n\n<p><\/p>\n\n\n\n<p><\/p>\n\n\n\n<p><\/p>\n\n\n\n<p><\/p>\n\n\n\n<p><\/p>\n\n\n\n<p><\/p>\n\n\n\n<p><\/p>\n\n\n\n<p><\/p>\n\n\n\n<p><\/p>\n\n\n\n<p><\/p>\n\n\n\n<p><\/p>\n\n\n\n<p><\/p>\n\n\n\n<p><\/p>\n\n\n\n<p><br><\/p>\n\n\n\n<p><\/p>\n\n\n\n<p><\/p>\n\n\n\n<p><\/p>\n\n\n\n<p> <br><\/p>\n\n\n\n<p><\/p>\n\n\n\n<p><\/p>\n\n\n\n<p><\/p>\n\n\n\n<p><\/p>\n\n\n\n<p><br>Kahvilan suora nro 045 350 3310<\/p>\n\n\n\n<p><\/p>\n\n\n\n<p><\/p>\n\n\n\n<section id=\"widget_op_overview-2\" class=\"widget widget_widget_op_overview amr_widget\">\n<table class=\"op-table op-table-overview\">\n  \n    <tr class=\"op-row op-row-day \">\n    <th class=\"op-cell op-cell-heading\" scope=\"row\">maanantai<\/th>\n    <td class=\"op-cell op-cell-periods\"><span class=\"op-closed\">Suljettu<\/span><\/td>\n  <\/tr>\n    <tr class=\"op-row op-row-day \">\n    <th class=\"op-cell op-cell-heading\" scope=\"row\">tiistai<\/th>\n    <td class=\"op-cell op-cell-periods\"><span class=\"op-period-time \">10:30 - 19:30<\/span><\/td>\n  <\/tr>\n    <tr class=\"op-row op-row-day \">\n    <th class=\"op-cell op-cell-heading\" scope=\"row\">keskiviikko<\/th>\n    <td class=\"op-cell op-cell-periods\"><span class=\"op-period-time highlighted\">11:00 - 19:30<\/span><\/td>\n  <\/tr>\n    <tr class=\"op-row op-row-day \">\n    <th class=\"op-cell op-cell-heading\" scope=\"row\">torstai<\/th>\n    <td class=\"op-cell op-cell-periods\"><span class=\"op-period-time \">11:00 - 19:30<\/span><\/td>\n  <\/tr>\n    <tr class=\"op-row op-row-day \">\n    <th class=\"op-cell op-cell-heading\" scope=\"row\">perjantai<\/th>\n    <td class=\"op-cell op-cell-periods\"><span class=\"op-period-time \">11:00 - 19:30<\/span><\/td>\n  <\/tr>\n    <tr class=\"op-row op-row-day \">\n    <th class=\"op-cell op-cell-heading\" scope=\"row\">lauantai<\/th>\n    <td class=\"op-cell op-cell-periods\"><span class=\"op-period-time \">10:00 - 19:30<\/span><\/td>\n  <\/tr>\n    <tr class=\"op-row op-row-day \">\n    <th class=\"op-cell op-cell-heading\" scope=\"row\">sunnuntai<\/th>\n    <td class=\"op-cell op-cell-periods\"><span class=\"op-period-time \">10:00 - 19:30<\/span><\/td>\n  <\/tr>\n  <\/table>\n\n<\/section>\n\n\n\n<p><\/p>\n","protected":false},"excerpt":{"rendered":"<p>Kahvila avataan tiistaina 14.4.2026 klo 10:30 Kauden alkuun olemme avoinna vaihtelevasti pelaajam\u00e4\u00e4rien mukaan (Arkip\u00e4ivisin ainakin aamup\u00e4iv\u00e4t, viikonloppuisin aamusta iltaan) Seuraavan p\u00e4iv\u00e4n aukioloaika p\u00e4ivitet\u00e4\u00e4n edellisen\u00e4 p\u00e4iv\u00e4n\u00e4 klo 21.00 Mukavaa pelikautta -26\u26f3\ufe0f Kahvilan suora nro 045 350 3310<\/p>\n","protected":false},"author":1,"featured_media":0,"parent":0,"menu_order":0,"comment_status":"closed","ping_status":"closed","template":"","meta":{"footnotes":""},"class_list":["post-13","page","type-page","status-publish","hentry"],"_links":{"self":[{"href":"http:\/\/pelagiagolf.fi\/index.php?rest_route=\/wp\/v2\/pages\/13","targetHints":{"allow":["GET"]}}],"collection":[{"href":"http:\/\/pelagiagolf.fi\/index.php?rest_route=\/wp\/v2\/pages"}],"about":[{"href":"http:\/\/pelagiagolf.fi\/index.php?rest_route=\/wp\/v2\/types\/page"}],"author":[{"embeddable":true,"href":"http:\/\/pelagiagolf.fi\/index.php?rest_route=\/wp\/v2\/users\/1"}],"replies":[{"embeddable":true,"href":"http:\/\/pelagiagolf.fi\/index.php?rest_route=%2Fwp%2Fv2%2Fcomments&post=13"}],"version-history":[{"count":110,"href":"http:\/\/pelagiagolf.fi\/index.php?rest_route=\/wp\/v2\/pages\/13\/revisions"}],"predecessor-version":[{"id":299,"href":"http:\/\/pelagiagolf.fi\/index.php?rest_route=\/wp\/v2\/pages\/13\/revisions\/299"}],"wp:attachment":[{"href":"http:\/\/pelagiagolf.fi\/index.php?rest_route=%2Fwp%2Fv2%2Fmedia&parent=13"}],"curies":[{"name":"wp","href":"https:\/\/api.w.org\/{rel}","templated":true}]}}